{"id":279570,"date":"2026-03-30T15:37:52","date_gmt":"2026-03-30T13:37:52","guid":{"rendered":"https:\/\/reinecker.team\/faq\/"},"modified":"2026-05-07T11:57:15","modified_gmt":"2026-05-07T09:57:15","slug":"faq","status":"publish","type":"page","link":"https:\/\/reinecker.team\/en\/faq\/","title":{"rendered":"FAQ"},"content":{"rendered":"<div class=\"et_pb_section_0 et_pb_section et_section_regular et_block_section\">\n<div class=\"et_pb_row_0 et_pb_row et_block_row\">\n<div class=\"et_pb_column_0 et_pb_column et_pb_column_4_4 et-last-child et_block_column et_pb_css_mix_blend_mode_passthrough\">\n<div class=\"et_pb_text_0 et_pb_text et_pb_bg_layout_dark et_pb_module et_block_module preset--group--divi-text--divi-font-header--h1y3ko5--default\"><div class=\"et_pb_text_inner\"><h1>FAQ<\/h1>\n<\/div><\/div>\n<\/div>\n<\/div>\n<\/div>\n\n<div class=\"et_pb_section_1 et_pb_section et_section_regular et_block_section\">\n<div class=\"et_pb_row_1 et_pb_row et_flex_row\">\n<div class=\"et_pb_column_1 et_pb_column et-last-child et_flex_column et_pb_css_mix_blend_mode_passthrough et_flex_column_24_24 et_flex_column_24_24_tablet et_flex_column_24_24_phone et_flex_column_24_24_phoneWide et_flex_column_24_24_tabletWide\">\n<div class=\"et_pb_accordion_0 et_pb_accordion et_pb_module et_flex_module\">\n<div class=\"et_pb_accordion_item_0 et_pb_accordion_item et_pb_toggle et_pb_module et_pb_toggle_open et_flex_module\"><h5 class=\"et_pb_toggle_title\">In which countries is Ulmer Werkzeugschleiftechnik active?<\/h5><div class=\"et_pb_toggle_content et_flex_module\"><p style=\"font-weight: 400;\">In addition to Germany, we serve our customers in Italy and North America directly through our subsidiaries REINECKER Italia and REINECKER America.<\/p>\n<p style=\"font-weight: 400;\">We serve other countries either directly from Germany or through our constantly growing network of sales and service partners.<\/p>\n<\/div><\/div>\n\n<div class=\"et_pb_accordion_item_1 et_pb_accordion_item et_pb_toggle et_pb_module et_pb_toggle_close et_flex_module\"><h5 class=\"et_pb_toggle_title\">Does Ulmer Werkzeugschleiftechnik offer individual special machines?<\/h5><div class=\"et_pb_toggle_content et_flex_module\"><p>Not in the sense of classic special plant construction. However, thanks to the modular design and a variety of options, the machines can be adapted to meet requirements and across industries. <\/p>\n<\/div><\/div>\n\n<div class=\"et_pb_heading_0 et_pb_heading et_pb_module et_flex_module\"><div class=\"et_pb_heading_container\"><h2 class=\"et_pb_module_header\">How does a mechanical engineering project work?<\/h2><\/div><\/div>\n\n<div class=\"et_pb_heading_1 et_pb_heading et_pb_module et_flex_module\"><div class=\"et_pb_heading_container\"><h3 class=\"et_pb_module_header\">Quality, Technology & Innovation<\/h3><\/div><\/div>\n<\/div>\n\n<div class=\"et_pb_accordion_1 et_pb_accordion et_pb_module et_flex_module\">\n<div class=\"et_pb_accordion_item_2 et_pb_accordion_item et_pb_toggle et_pb_module et_pb_toggle_open et_flex_module\"><h5 class=\"et_pb_toggle_title\">What quality standards does Ulmer Werkzeugschleiftechnik use for production?<\/h5><div class=\"et_pb_toggle_content et_flex_module\"><div><span>Ulmer Werkzeugschleiftechnik works according to ISO standards and relies on comprehensive test procedures as well as documented quality assurance. Other pillars of our quality standard are the continuous development and continuous safeguarding of our supply chains. <\/span><\/div>\n<div><\/div>\n<\/div><\/div>\n\n<div class=\"et_pb_accordion_item_3 et_pb_accordion_item et_pb_toggle et_pb_module et_pb_toggle_close et_flex_module\"><h5 class=\"et_pb_toggle_title\">What role does automation play for Ulmer Werkzeugschleiftechnik?Welche Rolle spielt Automatisierung f\u00fcr die Ulmer Werkzeugschleiftechnik?<\/h5><div class=\"et_pb_toggle_content et_flex_module\"><p style=\"font-weight: 400;\">Automation reduces error rates, increases production speed, and improves process stability. Autonomous, unmanned operation for as long as possible is one approach to solving the shortage of skilled workers among our customers. For many years, REINECKER machines have been offered with FANUC robots as an option in addition to simple solutions.  <\/p>\n<\/div><\/div>\n\n<div class=\"et_pb_accordion_item_4 et_pb_accordion_item et_pb_toggle et_pb_module et_pb_toggle_close et_flex_module\"><h5 class=\"et_pb_toggle_title\">Is Ulm tool grinding technology focusing on Industry 4.0?<\/h5><div class=\"et_pb_toggle_content et_flex_module\"><p style=\"font-weight: 400;\">With the help of the integrated sensor technology and data acquisition, we can of course offer the most important data for recording the production processes in real time via an interface in order to be able to monitor, evaluate and optimize them.<\/p>\n<\/div><\/div>\n\n<div class=\"et_pb_accordion_item_5 et_pb_accordion_item et_pb_toggle et_pb_module et_pb_toggle_close et_flex_module\"><h5 class=\"et_pb_toggle_title\">How sustainable are the machines of Ulmer Werkzeugschleiftechnik?<\/h5><div class=\"et_pb_toggle_content et_flex_module\"><p style=\"font-weight: 400;\">Effiziente Antriebe, optimierter Materialeinsatz und langlebige Konstruktionen senken Energieverbrauch und Betriebskosten. Zus\u00e4tzlich bieten wir komplette Werks\u00fcberholungen mit Gew\u00e4hrlistung unserer Maschinen an, was wiederum die Gesamtlebensdauer erheblich verl\u00e4ngert. <\/p>\n<\/div><\/div>\n\n<div class=\"et_pb_heading_2 et_pb_heading et_pb_module et_flex_module\"><div class=\"et_pb_heading_container\"><h1 class=\"et_pb_module_header\">Service & Collaboration<\/h1><\/div><\/div>\n<\/div>\n\n<div class=\"et_pb_accordion_2 et_pb_accordion et_pb_module et_flex_module\">\n<div class=\"et_pb_accordion_item_6 et_pb_accordion_item et_pb_toggle et_pb_module et_pb_toggle_open et_flex_module\"><h5 class=\"et_pb_toggle_title\">Does Ulmer Werkzeugschleiftechnik provide support for planning and integration?<\/h5><div class=\"et_pb_toggle_content et_flex_module\"><p style=\"font-weight: 400;\">Yes. Of course, we advise and accompany customers on request from layout planning to integration into existing production lines. <\/p>\n<\/div><\/div>\n\n<div class=\"et_pb_accordion_item_7 et_pb_accordion_item et_pb_toggle et_pb_module et_pb_toggle_close et_flex_module\"><h5 class=\"et_pb_toggle_title\">How is the service organised at Ulmer Werkzeugschleiftechnik?<\/h5><div class=\"et_pb_toggle_content et_flex_module\"><p style=\"font-weight: 400;\">In addition to the actual service department with corresponding service technicians in the field, colleagues from the specialist departments such as control technology or application technology also provide support on a case-by-case basis.<\/p>\n<p style=\"font-weight: 400;\">The process is organized via a ticket system so that no request is forgotten.<\/p>\n<\/div><\/div>\n\n<div class=\"et_pb_accordion_item_8 et_pb_accordion_item et_pb_toggle et_pb_module et_pb_toggle_close et_flex_module\"><h5 class=\"et_pb_toggle_title\">Does Ulmer Werkzeugschleiftechnik offer training courses?<\/h5><div class=\"et_pb_toggle_content et_flex_module\"><p style=\"font-weight: 400;\">Operator and maintenance training ensures safe use and maximum system availability. In addition, we offer training in the field of automation and application technology in order to be able to use our machines in the best possible way. <\/p>\n<p style=\"font-weight: 400;\">These training courses can take place at our plant in Ulm, the branch in Virginia or on site at the customer's site.<\/p>\n<\/div><\/div>\n\n<div class=\"et_pb_accordion_item_9 et_pb_accordion_item et_pb_toggle et_pb_module et_pb_toggle_close et_flex_module\"><h5 class=\"et_pb_toggle_title\">How fast is the spare parts service?<\/h5><div class=\"et_pb_toggle_content et_flex_module\"><p style=\"font-weight: 400;\">A structured spare parts process minimizes downtimes and ensures the production capability of our customers. In addition, an extensive spare parts warehouse guarantees the fastest possible availability of necessary spare parts. <\/p>\n<\/div><\/div>\n<\/div>\n\n<div class=\"et_pb_heading_3 et_pb_heading et_pb_module et_flex_module\"><div class=\"et_pb_heading_container\"><h1 class=\"et_pb_module_header\">Purchase Decision & Trust<\/h1><\/div><\/div>\n\n<div class=\"et_pb_accordion_3 et_pb_accordion et_pb_module et_flex_module\">\n<div class=\"et_pb_accordion_item_10 et_pb_accordion_item et_pb_toggle et_pb_module et_pb_toggle_open et_flex_module\"><h5 class=\"et_pb_toggle_title\">When is a new machine for tool grinding economically worthwhile?<\/h5><div class=\"et_pb_toggle_content et_flex_module\"><p style=\"font-weight: 400;\">If productivity increases, scrap decreases or personnel costs are reduced, the investment often pays for itself faster than expected.<\/p>\n<\/div><\/div>\n\n<div class=\"et_pb_accordion_item_11 et_pb_accordion_item et_pb_toggle et_pb_module et_pb_toggle_close et_flex_module\"><h5 class=\"et_pb_toggle_title\">How much does a tool grinder cost?<\/h5><div class=\"et_pb_toggle_content et_flex_module\"><p style=\"font-weight: 400;\">The costs depend on complexity, degree of automation and individualization. A well-founded clarification of needs enables realistic, fast budget planning. <\/p>\n<p><span style=\"font-weight: 400;\">Basically, however, our machines are usually much cheaper than our competitors tell you...<\/span><\/p>\n<\/div><\/div>\n\n<div class=\"et_pb_accordion_item_12 et_pb_accordion_item et_pb_toggle et_pb_module et_pb_toggle_close et_flex_module\"><h5 class=\"et_pb_toggle_title\">How long does it take to deliver a REINECKER machine?<\/h5><div class=\"et_pb_toggle_content et_flex_module\"><p style=\"font-weight: 400;\">Project scope and supply chains affect the duration. Typical are several months from the completion of the purchase to commissioning. Talk to us in good time if you have a need and we will try to find a solution.  <\/p>\n<p style=\"font-weight: 400;\">We also regularly have factory-overhauled machines in stock, which can also be made available for rent at short notice.<\/p>\n<\/div><\/div>\n\n<div class=\"et_pb_accordion_item_13 et_pb_accordion_item et_pb_toggle et_pb_module et_pb_toggle_close et_flex_module\"><h5 class=\"et_pb_toggle_title\">Why work with Ulmer Werkzeugschleiftechnik?<\/h5><div class=\"et_pb_toggle_content et_flex_module\"><p style=\"font-weight: 400;\">Our more than 100 years of experience in the field of tool grinding make us recognized partners of our customers, who can rely not only on precision and performance, but also on application-oriented solutions \u2013 from small family businesses to large corporations.<\/p>\n<p style=\"font-weight: 400;\">Our philosophy is not to build as many machines as possible quickly, but to build high-quality and extremely reliable tool grinding machines with which our customers can produce premium products with high delivery reliability.<\/p>\n<\/div><\/div>\n<\/div>\n<\/div>\n<\/div>\n<\/div>","protected":false},"excerpt":{"rendered":"","protected":false},"author":3,"featured_media":0,"parent":0,"menu_order":0,"comment_status":"closed","ping_status":"closed","template":"","meta":{"footnotes":""},"class_list":["post-279570","page","type-page","status-publish","hentry"],"yoast_head":"<!-- This site is optimized with the Yoast SEO plugin v27.4 - https:\/\/yoast.com\/product\/yoast-seo-wordpress\/ -->\n<title>FAQ - Reinecker Team<\/title>\n<meta name=\"robots\" content=\"index, follow, max-snippet:-1, max-image-preview:large, max-video-preview:-1\" \/>\n<link rel=\"canonical\" href=\"https:\/\/reinecker.team\/en\/faq\/\" \/>\n<meta property=\"og:locale\" content=\"en_US\" \/>\n<meta property=\"og:type\" content=\"article\" \/>\n<meta property=\"og:title\" content=\"FAQ - Reinecker Team\" \/>\n<meta property=\"og:url\" content=\"https:\/\/reinecker.team\/en\/faq\/\" \/>\n<meta property=\"og:site_name\" content=\"Reinecker Team\" \/>\n<meta property=\"article:modified_time\" content=\"2026-05-07T09:57:15+00:00\" \/>\n<meta name=\"twitter:card\" content=\"summary_large_image\" \/>\n<script type=\"application\/ld+json\" class=\"yoast-schema-graph\">{\"@context\":\"https:\\\/\\\/schema.org\",\"@graph\":[{\"@type\":\"WebPage\",\"@id\":\"https:\\\/\\\/reinecker.team\\\/en\\\/faq\\\/\",\"url\":\"https:\\\/\\\/reinecker.team\\\/en\\\/faq\\\/\",\"name\":\"FAQ - Reinecker Team\",\"isPartOf\":{\"@id\":\"https:\\\/\\\/reinecker.team\\\/#website\"},\"datePublished\":\"2026-03-30T13:37:52+00:00\",\"dateModified\":\"2026-05-07T09:57:15+00:00\",\"breadcrumb\":{\"@id\":\"https:\\\/\\\/reinecker.team\\\/en\\\/faq\\\/#breadcrumb\"},\"inLanguage\":\"en-US\",\"potentialAction\":[{\"@type\":\"ReadAction\",\"target\":[\"https:\\\/\\\/reinecker.team\\\/en\\\/faq\\\/\"]}]},{\"@type\":\"BreadcrumbList\",\"@id\":\"https:\\\/\\\/reinecker.team\\\/en\\\/faq\\\/#breadcrumb\",\"itemListElement\":[{\"@type\":\"ListItem\",\"position\":1,\"name\":\"Startseite\",\"item\":\"https:\\\/\\\/reinecker.team\\\/en\\\/\"},{\"@type\":\"ListItem\",\"position\":2,\"name\":\"FAQ\"}]},{\"@type\":\"WebSite\",\"@id\":\"https:\\\/\\\/reinecker.team\\\/#website\",\"url\":\"https:\\\/\\\/reinecker.team\\\/\",\"name\":\"Reinecker Team\",\"description\":\"\",\"potentialAction\":[{\"@type\":\"SearchAction\",\"target\":{\"@type\":\"EntryPoint\",\"urlTemplate\":\"https:\\\/\\\/reinecker.team\\\/?s={search_term_string}\"},\"query-input\":{\"@type\":\"PropertyValueSpecification\",\"valueRequired\":true,\"valueName\":\"search_term_string\"}}],\"inLanguage\":\"en-US\"}]}<\/script>\n<!-- \/ Yoast SEO plugin. -->","yoast_head_json":{"title":"FAQ - Reinecker Team","robots":{"index":"index","follow":"follow","max-snippet":"max-snippet:-1","max-image-preview":"max-image-preview:large","max-video-preview":"max-video-preview:-1"},"canonical":"https:\/\/reinecker.team\/en\/faq\/","og_locale":"en_US","og_type":"article","og_title":"FAQ - Reinecker Team","og_url":"https:\/\/reinecker.team\/en\/faq\/","og_site_name":"Reinecker Team","article_modified_time":"2026-05-07T09:57:15+00:00","twitter_card":"summary_large_image","schema":{"@context":"https:\/\/schema.org","@graph":[{"@type":"WebPage","@id":"https:\/\/reinecker.team\/en\/faq\/","url":"https:\/\/reinecker.team\/en\/faq\/","name":"FAQ - Reinecker Team","isPartOf":{"@id":"https:\/\/reinecker.team\/#website"},"datePublished":"2026-03-30T13:37:52+00:00","dateModified":"2026-05-07T09:57:15+00:00","breadcrumb":{"@id":"https:\/\/reinecker.team\/en\/faq\/#breadcrumb"},"inLanguage":"en-US","potentialAction":[{"@type":"ReadAction","target":["https:\/\/reinecker.team\/en\/faq\/"]}]},{"@type":"BreadcrumbList","@id":"https:\/\/reinecker.team\/en\/faq\/#breadcrumb","itemListElement":[{"@type":"ListItem","position":1,"name":"Startseite","item":"https:\/\/reinecker.team\/en\/"},{"@type":"ListItem","position":2,"name":"FAQ"}]},{"@type":"WebSite","@id":"https:\/\/reinecker.team\/#website","url":"https:\/\/reinecker.team\/","name":"Reinecker Team","description":"","potentialAction":[{"@type":"SearchAction","target":{"@type":"EntryPoint","urlTemplate":"https:\/\/reinecker.team\/?s={search_term_string}"},"query-input":{"@type":"PropertyValueSpecification","valueRequired":true,"valueName":"search_term_string"}}],"inLanguage":"en-US"}]}},"_links":{"self":[{"href":"https:\/\/reinecker.team\/en\/wp-json\/wp\/v2\/pages\/279570","targetHints":{"allow":["GET"]}}],"collection":[{"href":"https:\/\/reinecker.team\/en\/wp-json\/wp\/v2\/pages"}],"about":[{"href":"https:\/\/reinecker.team\/en\/wp-json\/wp\/v2\/types\/page"}],"author":[{"embeddable":true,"href":"https:\/\/reinecker.team\/en\/wp-json\/wp\/v2\/users\/3"}],"replies":[{"embeddable":true,"href":"https:\/\/reinecker.team\/en\/wp-json\/wp\/v2\/comments?post=279570"}],"version-history":[{"count":14,"href":"https:\/\/reinecker.team\/en\/wp-json\/wp\/v2\/pages\/279570\/revisions"}],"predecessor-version":[{"id":280248,"href":"https:\/\/reinecker.team\/en\/wp-json\/wp\/v2\/pages\/279570\/revisions\/280248"}],"wp:attachment":[{"href":"https:\/\/reinecker.team\/en\/wp-json\/wp\/v2\/media?parent=279570"}],"curies":[{"name":"wp","href":"https:\/\/api.w.org\/{rel}","templated":true}]}}